{"id":4408,"date":"2026-01-09T16:34:19","date_gmt":"2026-01-09T16:34:19","guid":{"rendered":"https:\/\/www.simultan.org\/?page_id=4408"},"modified":"2026-01-27T02:07:03","modified_gmt":"2026-01-27T02:07:03","slug":"it-a-space-for-it","status":"publish","type":"page","link":"https:\/\/www.simultan.org\/ro\/it-a-space-for-it\/","title":{"rendered":"It \u2014 a space for it"},"content":{"rendered":"\n<p><strong><em>it<\/em><\/strong> este un spa\u021biu temporar pentru sunet, design, art\u0103 contemporan\u0103 \u00een proces \u0219i pentru oamenii care le creeaz\u0103.<br><strong><em>it<\/em><\/strong> nu se define\u0219te prin permanen\u021b\u0103, ci prin ceea ce trece prin el: o frecven\u021b\u0103, un fragment, un gest, o reziden\u021b\u0103.<br><strong><em>it<\/em><\/strong> g\u0103zduie\u0219te procesul \u0219i experimentalul. Un loc unde ascultarea devine material, unde obiectele sunt provizorii, unde practica deseori se transform\u0103.<br><strong><em><strong><em>it<\/em><\/strong><\/em><\/strong> este \u00een acela\u0219i timp specific \u0219i nedeterminat. Ceea ce se \u00eent\u00e2mpl\u0103 aici poate s\u0103 persiste, s\u0103 r\u0103sune sau s\u0103 se dizolve.<br>Nimic nu este fix, \u00een afar\u0103 de faptul c\u0103 se \u00eent\u00e2mpl\u0103. <br>That\u2019s <em><em>it<\/em><\/em>.<br><br>Adresa<br><a href=\"https:\/\/www.google.com\/maps\/place\/It+-+a+space+for+it\/@45.7469673,21.2043261,544m\/data=!3m2!1e3!4b1!4m6!3m5!1s0x47455d0043a612bd:0xac264867cee0b18b!8m2!3d45.7469673!4d21.206901!16s%2Fg%2F11xyn7tf6k?entry=ttu&amp;g_ep=EgoyMDI2MDEwNy4wIKXMDSoASAFQAw%3D%3D\" target=\"_blank\" rel=\"noreferrer noopener\">Str. Bolintineanu 1, Timi\u0219oara<\/a><br><br><a href=\"https:\/\/www.facebook.com\/it.a.space.for.it\/\" target=\"_blank\" rel=\"noreferrer noopener\">facebook<\/a><br><a href=\"https:\/\/www.instagram.com\/it.a.space.for.it\/\" target=\"_blank\" rel=\"noreferrer noopener\">instagram<\/a><br><br><br><br><br><br><\/p>\n","protected":false},"excerpt":{"rendered":"<p>it este un spa\u021biu temporar pentru sunet, design, art\u0103 contemporan\u0103 \u00een proces \u0219i pentru oamenii care le creeaz\u0103.it nu se define\u0219te prin permanen\u021b\u0103, ci prin ceea ce trece prin el: o frecven\u021b\u0103, un fragment, un gest, o reziden\u021b\u0103.it g\u0103zduie\u0219te procesul \u0219i experimentalul. Un loc unde ascultarea devine material, unde obiectele sunt provizorii, unde practica deseori [&hellip;]<\/p>\n","protected":false},"author":2,"featured_media":4409,"parent":0,"menu_order":0,"comment_status":"closed","ping_status":"closed","template":"","meta":{"ngg_post_thumbnail":0,"footnotes":""},"class_list":["post-4408","page","type-page","status-publish","has-post-thumbnail","hentry"],"_links":{"self":[{"href":"https:\/\/www.simultan.org\/ro\/wp-json\/wp\/v2\/pages\/4408","targetHints":{"allow":["GET"]}}],"collection":[{"href":"https:\/\/www.simultan.org\/ro\/wp-json\/wp\/v2\/pages"}],"about":[{"href":"https:\/\/www.simultan.org\/ro\/wp-json\/wp\/v2\/types\/page"}],"author":[{"embeddable":true,"href":"https:\/\/www.simultan.org\/ro\/wp-json\/wp\/v2\/users\/2"}],"replies":[{"embeddable":true,"href":"https:\/\/www.simultan.org\/ro\/wp-json\/wp\/v2\/comments?post=4408"}],"version-history":[{"count":10,"href":"https:\/\/www.simultan.org\/ro\/wp-json\/wp\/v2\/pages\/4408\/revisions"}],"predecessor-version":[{"id":4481,"href":"https:\/\/www.simultan.org\/ro\/wp-json\/wp\/v2\/pages\/4408\/revisions\/4481"}],"wp:featuredmedia":[{"embeddable":true,"href":"https:\/\/www.simultan.org\/ro\/wp-json\/wp\/v2\/media\/4409"}],"wp:attachment":[{"href":"https:\/\/www.simultan.org\/ro\/wp-json\/wp\/v2\/media?parent=4408"}],"curies":[{"name":"wp","href":"https:\/\/api.w.org\/{rel}","templated":true}]}}