{"id":235,"date":"2019-10-02T07:28:32","date_gmt":"2019-10-02T07:28:32","guid":{"rendered":"http:\/\/www.simultan.org\/?page_id=235"},"modified":"2025-04-23T23:30:43","modified_gmt":"2025-04-23T23:30:43","slug":"parteneri","status":"publish","type":"page","link":"https:\/\/www.simultan.org\/ro\/parteneri\/","title":{"rendered":"PARTENERI \/ FINAN\u021aATORI"},"content":{"rendered":"\n<p>FINAN\u021aATORI<\/p>\n\n\n\n<p><a href=\"http:\/\/www.afcn.ro\/\" target=\"_blank\" rel=\"noreferrer noopener\">Administra\u021bia Fondului Cultural Na\u021bional<\/a><br><a href=\"https:\/\/centruldeproiecte.ro\/\" target=\"_blank\" rel=\"noreferrer noopener\">Municipiul Timi\u0219oara prin Centrul de Proiecte<\/a><br><a href=\"http:\/\/www.cjtimis.ro\/\" target=\"_blank\" rel=\"noreferrer noopener\">Consiliul Jude\u021bean Timi\u0219<\/a><br><a href=\"http:\/\/www.pro-helvetia.ro\/\" target=\"_blank\" rel=\"noreferrer noopener\">Pro-Helvetia<\/a><br><a href=\"https:\/\/www.fundatiacomunitaratimisoara.ro\/\" target=\"_blank\" rel=\"noreferrer noopener\">Fundatia Comunitara Timisoara<\/a><\/p>\n\n\n\n<p><\/p>\n\n\n\n<p>PARTENERI CULTURALI \/ COLABORATORI<br><br><a aria-label=\" (se deschide \u00eentr-o fil\u0103 nou\u0103)\" href=\"https:\/\/culturatimis.ro\/\" target=\"_blank\" rel=\"noreferrer noopener\">Casa Artelor &#8211; DJCT<\/a><br><a href=\"http:\/\/www.timisoara2021.ro\/\">Timi\u0219oara 2023<\/a><br><a href=\"http:\/\/www.institutfrancais-roumanie.com\/\" target=\"_blank\" rel=\"noreferrer noopener\">Institut Francais Timi\u0219oara<\/a><br><a href=\"https:\/\/ccgtm.ro\/\" target=\"_blank\" rel=\"noreferrer noopener\">Centrul Cultural German<\/a><br><a href=\"https:\/\/instytutpolski.pl\/bucuresti\" target=\"_blank\" rel=\"noreferrer noopener\">Institutul Polonez<\/a><br><a href=\"https:\/\/www.goethe.de\/ins\/ro\/ro\" target=\"_blank\" rel=\"noreferrer noopener\">Goethe Insitut<\/a><br><a href=\"http:\/\/www.britishcouncil.org\/ro\/romania-about-bucharest.htm\/\" target=\"_blank\" rel=\"noreferrer noopener\">British Council<\/a><br><a href=\"https:\/\/www.swedenabroad.se\/en\/embassies\/romania-bucharest\/\" target=\"_blank\" rel=\"noreferrer noopener\">Ambasada Suedei<\/a><br><meta charset=\"utf-8\"><\/meta><a href=\"http:\/\/www.intermedia.c3.hu\/\" target=\"_blank\" rel=\"noreferrer noopener\">INTERMEDIA Institute &#8211; Budapesta<\/a><br><a href=\"http:\/\/www.cartes-art.fi\/\" target=\"_blank\" rel=\"noreferrer noopener\">Centre of Art and Technology Espoo &#8211; Finland<\/a><br><a href=\"https:\/\/www.fundatia9.ro\/\" target=\"_blank\" rel=\"noreferrer noopener\">Fundatia 9<\/a><br><a aria-label=\" (se deschide \u00eentr-o fil\u0103 nou\u0103)\" href=\"https:\/\/www.facebook.com\/SocietateaFilarmonicaTimisoara\/,\" target=\"_blank\" rel=\"noreferrer noopener\">Societatea Filarmonica Timi\u0219oara<\/a><br><a aria-label=\" (se deschide \u00eentr-o fil\u0103 nou\u0103)\" href=\"https:\/\/lapsus.xyz\/\" target=\"_blank\" rel=\"noreferrer noopener\">Lapsus<\/a><br><a aria-label=\" (se deschide \u00eentr-o fil\u0103 nou\u0103)\" href=\"http:\/\/www.accontrasens.ro\/\" target=\"_blank\" rel=\"noreferrer noopener\">Contrasens<\/a><br><a href=\"http:\/\/www.mondaynews.net\/\" target=\"_blank\" rel=\"noreferrer noopener\">H.arta Group<br><\/a><a href=\"http:\/\/sambatasonora.blogspot.ro\/\" target=\"_blank\" rel=\"noreferrer noopener\">S\u00e2mb\u0103ta Sonor\u0103<\/a><\/p>\n\n\n\n<p><\/p>\n\n\n\n<p>NETWORKS<br><br><a href=\"http:\/\/avnode.org\/\">AVnode<\/a><\/p>\n\n\n\n<p><\/p>\n\n\n\n<p>PARTENERI MEDIA<br><br><a href=\"https:\/\/www.guerrillaradio.ro\" target=\"_blank\" rel=\"noreferrer noopener\"><meta charset=\"utf-8\"><\/meta><\/a><a href=\"http:\/\/www.vice.com\/ro\/\" target=\"_blank\" rel=\"noreferrer noopener\"><\/a><a href=\"http:\/\/www.feeder.ro\/\" target=\"_blank\" rel=\"noreferrer noopener\">Feeder<\/a><br><a href=\"http:\/\/www.callfor.org\/\" target=\"_blank\" rel=\"noreferrer noopener\">www.callfor.org<\/a><br><a href=\"http:\/\/www.artopportunitiesmonthly.com\/\">Art Opportunities<\/a><br><meta charset=\"utf-8\"><\/meta><a href=\"http:\/\/anti-utopias.com\/\" target=\"_blank\" rel=\"noreferrer noopener\">Anti-Utopias<\/a><br><a href=\"http:\/\/veiozaarte.ro\/\" target=\"_blank\" rel=\"noreferrer noopener\">Veioza Arte<\/a><br><a href=\"http:\/\/www.mondaynews.net\/\" target=\"_blank\" rel=\"noreferrer noopener\">Mondaynews<\/a><br><a href=\"http:\/\/www.callfor.org\/\" target=\"_blank\" rel=\"noreferrer noopener\">www.callfor.org<\/a><br><a href=\"http:\/\/www.artopportunitiesmonthly.com\/\">Art Opportunities Monthly<\/a><br><a href=\"http:\/\/artdeadline.com\/\" target=\"_blank\" rel=\"noreferrer noopener\">Access Arts&#8217; ArtDeadline<\/a><br><a href=\"http:\/\/submit.sendung.net\/\" target=\"_blank\" rel=\"noreferrer noopener\">Sendung platform<\/a><\/p>\n\n\n\n<p><\/p>\n\n\n\n<p>SPONSORI<br><br><a aria-label=\" (se deschide \u00eentr-o fil\u0103 nou\u0103)\" href=\"https:\/\/www.soundcreation.ro\/\" target=\"_blank\" rel=\"noreferrer noopener\">SoundCreation<\/a><br><a href=\"http:\/\/www.ods-bs.ro\/\">ODS Bussiness Services<\/a><br><a href=\"http:\/\/www.createch.ro\/\">Createch<\/a><br><a href=\"https:\/\/www.expodom.ro\" target=\"_blank\" rel=\"noreferrer noopener\">Expodome<\/a><br><br><br><br><\/p>\n","protected":false},"excerpt":{"rendered":"<p>FINAN\u021aATORI Administra\u021bia Fondului Cultural Na\u021bionalMunicipiul Timi\u0219oara prin Centrul de ProiecteConsiliul Jude\u021bean Timi\u0219Pro-HelvetiaFundatia Comunitara Timisoara PARTENERI CULTURALI \/ COLABORATORI Casa Artelor &#8211; DJCTTimi\u0219oara 2023Institut Francais Timi\u0219oaraCentrul Cultural GermanInstitutul PolonezGoethe InsitutBritish CouncilAmbasada SuedeiINTERMEDIA Institute &#8211; BudapestaCentre of Art and Technology Espoo &#8211; FinlandFundatia 9Societatea Filarmonica Timi\u0219oaraLapsusContrasensH.arta GroupS\u00e2mb\u0103ta Sonor\u0103 NETWORKS AVnode PARTENERI MEDIA Feederwww.callfor.orgArt OpportunitiesAnti-UtopiasVeioza ArteMondaynewswww.callfor.orgArt Opportunities MonthlyAccess [&hellip;]<\/p>\n","protected":false},"author":2,"featured_media":3071,"parent":0,"menu_order":0,"comment_status":"closed","ping_status":"closed","template":"","meta":{"ngg_post_thumbnail":0,"footnotes":""},"class_list":["post-235","page","type-page","status-publish","has-post-thumbnail","hentry"],"_links":{"self":[{"href":"https:\/\/www.simultan.org\/ro\/wp-json\/wp\/v2\/pages\/235","targetHints":{"allow":["GET"]}}],"collection":[{"href":"https:\/\/www.simultan.org\/ro\/wp-json\/wp\/v2\/pages"}],"about":[{"href":"https:\/\/www.simultan.org\/ro\/wp-json\/wp\/v2\/types\/page"}],"author":[{"embeddable":true,"href":"https:\/\/www.simultan.org\/ro\/wp-json\/wp\/v2\/users\/2"}],"replies":[{"embeddable":true,"href":"https:\/\/www.simultan.org\/ro\/wp-json\/wp\/v2\/comments?post=235"}],"version-history":[{"count":6,"href":"https:\/\/www.simultan.org\/ro\/wp-json\/wp\/v2\/pages\/235\/revisions"}],"predecessor-version":[{"id":4076,"href":"https:\/\/www.simultan.org\/ro\/wp-json\/wp\/v2\/pages\/235\/revisions\/4076"}],"wp:featuredmedia":[{"embeddable":true,"href":"https:\/\/www.simultan.org\/ro\/wp-json\/wp\/v2\/media\/3071"}],"wp:attachment":[{"href":"https:\/\/www.simultan.org\/ro\/wp-json\/wp\/v2\/media?parent=235"}],"curies":[{"name":"wp","href":"https:\/\/api.w.org\/{rel}","templated":true}]}}