{"id":2,"date":"2019-10-01T04:58:07","date_gmt":"2019-10-01T04:58:07","guid":{"rendered":"http:\/\/www.vajnabotond.ro\/test\/sim\/?page_id=2"},"modified":"2026-01-14T14:29:02","modified_gmt":"2026-01-14T14:29:02","slug":"info","status":"publish","type":"page","link":"https:\/\/www.simultan.org\/ro\/info\/","title":{"rendered":"INFO"},"content":{"rendered":"\n<p>SIMULTANorg este o organiza\u021bie nonguvernamentala \u00eenfiin\u021bata \u00een 2005 de un grup de arti\u0219ti din Timi\u0219oara  cu scopul de a crea o platforma pentru dezvoltarea de programe in domeniul artei \u0219i culturii contemporane.<\/p>\n\n\n\n<p>Asocia\u021bia Simultan \u0219i-a propus constituirea si dezvoltarea unei structuri organiza\u021bional\u0103 pentru a genera si sus\u021bine <a href=\"https:\/\/www.simultan.org\/projects\/\">proiecte<\/a> \u0219i <a href=\"https:\/\/www.simultan.org\/ro\/category\/news\/\">evenimente <\/a>culturale, de a le promova si valorifica prin stabilirea unor leg\u0103turi intre scena de arta si cultura locala si cea interna\u021bional\u0103.<\/p>\n\n\n\n<p>Proiectul principal al Asocia\u021biei este <a href=\"https:\/\/www.simultan.org\/festival\/\">SIMULTAN Festival<\/a>, eveniment anual dedicat artelor interdisciplinare, integr\u00e2nd proiecte de art\u0103 media \u0219i audio-vizuale, muzica experimental\u0103, video \u0219i arta sonor\u0103 &#8211; gener\u00e2nd fuziune \u00eentre diferite medii noi de expresie.<\/p>\n\n\n\n<p>Anual, \u00een cadrul festivalului au loc proiec\u021bii de art\u0103 video, live performance-uri, concerte de muzic\u0103 electro-acoustic\u0103, expozi\u021bii, ateliere \u0219i conferin\u021be \u00een care unele teme \u0219i metode sunt: eclectism stilistic, rela\u021bia dintre om \u0219i automatizare, reciclare sau teme ecologiste, lirismul sec \u2013 digital, fuziunea instrumentelor acustice si electronice, cinema-ul expandat, colajul jovial sonor live, precum \u0219i reflectarea asupra valen\u021belor politice ale sunetului.<br><br><\/p>\n\n\n\n<p><br><strong>CONTACT<\/strong><br>simultan [at] simultan.org<br><br><a href=\"http:\/\/www.facebook.com\/simultanfestival\" target=\"_blank\" rel=\"noreferrer noopener\">FACEBOOK<\/a><br><a href=\"https:\/\/instagram.com\/simultanfestival\/\" target=\"_blank\" rel=\"noreferrer noopener\">INSTAGRAM<\/a><br><br><\/p>\n\n\n\n<hr class=\"wp-block-separator has-css-opacity is-style-wide\"\/>\n\n\n\n<p><br><strong>ECHIPA<\/strong><br>Levente Kozma, Director artistic<br>Alin Rotariu, Manager de produc\u021bie <br>Florin F\u00e2ra &amp; Andreea S\u0103s\u0103ran, Coordonator programe<br>Luiza Alecsandru, Asistent proiecte<br>Alina Doro\u0219, Comunicare<br>Raluca Rotariu, Coordonator logistic\u0103<br>Mara Olteanu, Financiar<\/p>\n\n\n\n<p><br><strong>MEMBRI FONDATORI<\/strong><br>Levente Kozma, Huba Antal, Alin Rotariu, , Szil\u00e1rd Sz\u0151ke, Sorin Vreme<\/p>\n\n\n\n<p><br><strong>COLABORATORI<\/strong> (actuali \u0219i fo\u0219ti)<br>Ioana Vreme Moser, \u0218tefan Tiron, Adrian Teodor, Botond Vajna, Sergiu Sas, Vlad Cadar, \u00c9va Kozma, Radu S\u00e2rbulescu, Diana Croitoru, Marina Oprea, Cristina B\u0103ld\u0103u, Sarah B\u0103l\u0103ceanu El-Amine<br><br><br><\/p>\n\n\n\n<hr class=\"wp-block-separator has-css-opacity is-style-wide\"\/>\n\n\n\n<p>Descarc\u0103 <a href=\"https:\/\/drive.google.com\/file\/d\/1sQv2JgOteWvoPXLPrtW2feO8I9KSPJF9\/view?usp=drive_link\" target=\"_blank\" rel=\"noreferrer noopener\">Logo SIMULTANorg<\/a><br><br><br><br><br><br><br><br><\/p>\n","protected":false},"excerpt":{"rendered":"<p>SIMULTANorg este o organiza\u021bie nonguvernamentala \u00eenfiin\u021bata \u00een 2005 de un grup de arti\u0219ti din Timi\u0219oara cu scopul de a crea o platforma pentru dezvoltarea de programe in domeniul artei \u0219i culturii contemporane. Asocia\u021bia Simultan \u0219i-a propus constituirea si dezvoltarea unei structuri organiza\u021bional\u0103 pentru a genera si sus\u021bine proiecte \u0219i evenimente culturale, de a le promova [&hellip;]<\/p>\n","protected":false},"author":2,"featured_media":3003,"parent":0,"menu_order":0,"comment_status":"closed","ping_status":"open","template":"","meta":{"ngg_post_thumbnail":0,"footnotes":""},"class_list":["post-2","page","type-page","status-publish","has-post-thumbnail","hentry"],"_links":{"self":[{"href":"https:\/\/www.simultan.org\/ro\/wp-json\/wp\/v2\/pages\/2","targetHints":{"allow":["GET"]}}],"collection":[{"href":"https:\/\/www.simultan.org\/ro\/wp-json\/wp\/v2\/pages"}],"about":[{"href":"https:\/\/www.simultan.org\/ro\/wp-json\/wp\/v2\/types\/page"}],"author":[{"embeddable":true,"href":"https:\/\/www.simultan.org\/ro\/wp-json\/wp\/v2\/users\/2"}],"replies":[{"embeddable":true,"href":"https:\/\/www.simultan.org\/ro\/wp-json\/wp\/v2\/comments?post=2"}],"version-history":[{"count":16,"href":"https:\/\/www.simultan.org\/ro\/wp-json\/wp\/v2\/pages\/2\/revisions"}],"predecessor-version":[{"id":4458,"href":"https:\/\/www.simultan.org\/ro\/wp-json\/wp\/v2\/pages\/2\/revisions\/4458"}],"wp:featuredmedia":[{"embeddable":true,"href":"https:\/\/www.simultan.org\/ro\/wp-json\/wp\/v2\/media\/3003"}],"wp:attachment":[{"href":"https:\/\/www.simultan.org\/ro\/wp-json\/wp\/v2\/media?parent=2"}],"curies":[{"name":"wp","href":"https:\/\/api.w.org\/{rel}","templated":true}]}}